{"id":1111,"date":"2023-04-26T17:49:58","date_gmt":"2023-04-26T15:49:58","guid":{"rendered":"https:\/\/fastbrain.fr\/?page_id=1111"},"modified":"2023-07-08T15:02:10","modified_gmt":"2023-07-08T13:02:10","slug":"conditions-generales-dutilisation-cgu-de-lapplication-mobile-fast-brain","status":"publish","type":"page","link":"https:\/\/fastbrain.fr\/?page_id=1111","title":{"rendered":"Conditions g\u00e9n\u00e9rales d&#8217;utilisation (CGU) de l&#8217;application mobile &#8220;Fast Brain&#8221; et de l&#8217;extension chrome GTP++"},"content":{"rendered":"\n<p><strong>ARTICLE 1 &#8211; OBJET DES CONDITIONS GENERALES D\u2019UTILISATION&nbsp;<\/strong>:<\/p>\n\n\n\n<p>Les pr\u00e9sentes conditions g\u00e9n\u00e9rales d\u2019utilisation (ci-apr\u00e8s \u00ab CGU \u00bb) ont pour objet de d\u00e9finir les r\u00e8gles d\u2019utilisation de l\u2019application mobile \u00abFast Brain\u00bb (ci-apr\u00e8s \u00ab l\u2019Application \u00bb) \u00e9dit\u00e9e par la soci\u00e9t\u00e9 Lasy Technology, soci\u00e9t\u00e9 par action simplifi\u00e9e unipersonnelle au capital de 10 euros, immatricul\u00e9e au registre du commerce et des soci\u00e9t\u00e9s de Brest sous le num\u00e9ro 951920099, ayant son si\u00e8ge social au 77 Rue de Bertheaume 29217 Plougonvelin\u2013 France, code APE 6201Z . Le directeur de la publication est Ewen MORVAN, Pr\u00e9sident : contact@lazy-technology.com. En installant l\u2019Application sur votre smartphone et\/ou en acc\u00e9dant \u00e0 l\u2019Application, vous acceptez sans r\u00e9serve l\u2019int\u00e9gralit\u00e9 des pr\u00e9sentes CGU et vous engagez \u00e0 respecter les obligations \u00e0 votre charge. Dans le cas o\u00f9 vous n\u2019accepteriez pas les CGU ou auriez des r\u00e9serves, merci de ne pas utiliser l\u2019Application. Les CGU expriment l&#8217;int\u00e9gralit\u00e9 de l&#8217;accord entre vous et Lazy Technology applicable \u00e0 votre utilisation de l\u2019Application. Lazy Technology se r\u00e9serve le droit de modifier ces CGU en les mettant \u00e0 jour \u00e0 tout moment. La version des CGU qui est applicable entre vous et Lazy Technology est celle en vigueur au moment de votre connexion et de votre utilisation de l\u2019Application. Nous vous conseillons donc de consulter cette page r\u00e9guli\u00e8rement afin de prendre connaissance des CGU en vigueur lorsque vous utilisez l\u2019Application.<\/p>\n\n\n\n<p><strong>ARTICLE 2 &#8211; OBJET ET FONCTIONNALITES DE L\u2019APPLICATION&nbsp;:<\/strong><\/p>\n\n\n\n<p>\u00ab Fast Brain \u00bb utilise les services d&#8217;OpenAI pour son chatbot, qui permet aux utilisateurs de discuter avec l&#8217;IA et de poser des questions. Veuillez consulter et accepter les conditions d&#8217;utilisation d&#8217;OpenAI avant d&#8217;utiliser l&#8217;application (<a href=\"https:\/\/openai.com\/policies\/terms-of-use\" target=\"_blank\" rel=\"noopener\" title=\"\">Terms of use openAI<\/a>).<\/p>\n\n\n\n<p>L&#8217;application \u00ab Fast Brain \u00bb est \u00e9quip\u00e9e d&#8217;un menu pour discuter avec l&#8217;IA avec une fonctionnalit\u00e9 de m\u00e9morisation des messages de la discussion, qui peut stocker jusqu&#8217;\u00e0 3000 mots. Toutefois, il est important de noter que ce mode \u00ab Memory On \u00bb consomme davantage de cr\u00e9dits. Sauf indication contraire, les discussions sont automatiquement sauvegard\u00e9es dans le cache de votre smartphone. Pour \u00e9viter de surcharger la m\u00e9moire cache de votre appareil, le nombre de discussions sauvegard\u00e9es est limit\u00e9 \u00e0 10. Par cons\u00e9quent, vous devrez supprimer une discussion pour en cr\u00e9er une nouvelle. Afin de ne pas d\u00e9grader les performances de l&#8217;application, nous vous recommandons de ne pas prolonger les discussions et de les supprimer lorsque vous n&#8217;en avez plus besoin.<\/p>\n\n\n\n<p>En outre, \u00ab Fast Brain \u00bb propose un menu avec des fonctionnalit\u00e9s pr\u00e9d\u00e9finies pour vous faire gagner du temps.<\/p>\n\n\n\n<p>En plus de son chatbot, FastBrain inclut des fonctionnalit\u00e9s suppl\u00e9mentaires telles que :<\/p>\n\n\n\n<ul>\n<li><strong>OCR (reconnaissance optique de caract\u00e8res) :<\/strong><\/li>\n<\/ul>\n\n\n\n<p>L&#8217;application peut utiliser deux types d&#8217;OCR (simple et avanc\u00e9). Le mode simple utilise les mod\u00e8les ML Kit de Google. Le mode avanc\u00e9 est g\u00e9r\u00e9 par MathPix (<a href=\"https:\/\/mathpix.com\/terms\" target=\"_blank\" rel=\"noopener\" title=\"\">Terms of use MathPix<\/a>). Les images envoy\u00e9es \u00e0 ces services ne peuvent pas \u00eatre supprim\u00e9es. En utilisant l&#8217;application, vous acceptez d&#8217;envoyer ces images \u00e0 ces services.<\/p>\n\n\n\n<ul>\n<li><strong>Reconnaissance audio de texte :<\/strong><\/li>\n<\/ul>\n\n\n\n<p>\u00ab&nbsp;Fast Brain&nbsp;\u00bb peut reconna\u00eetre du texte \u00e0 partir d&#8217;un fichier audio (mp3) en envoyant l&#8217;enregistrement audio au service Whisper d&#8217;OpenAI. En utilisant l&#8217;application, vous acceptez les conditions d&#8217;utilisation de Whisper d&#8217;OpenAI. Les fichiers envoy\u00e9s ne peuvent pas \u00eatre supprim\u00e9s.<\/p>\n\n\n\n<ul>\n<li><strong>G\u00e9n\u00e9ration de PDF&nbsp;:<\/strong><\/li>\n<\/ul>\n\n\n\n<p>\u00ab Fast Brain \u00bb permet d&#8217;\u00e9crire la r\u00e9ponse fournie par l&#8217;IA directement dans un format PDF. Toutefois, afin de visualiser ces PDF, votre smartphone doit disposer d&#8217;une application de lecture de PDF. Par d\u00e9faut, les PDF sont enregistr\u00e9s dans la m\u00e9moire cache de l&#8217;application \u00ab Fast Brain \u00bb. Si vous souhaitez les sauvegarder, veillez \u00e0 les t\u00e9l\u00e9charger depuis votre application de lecture de PDF, car ils seront automatiquement supprim\u00e9s lors du prochain message ou en cas de suppression d&#8217;une discussion en cours. Veuillez noter que \u00ab Fast Brain \u00bb ne stocke en aucun cas vos PDF ailleurs que dans le cache d\u00e9di\u00e9 \u00e0 l&#8217;application.<\/p>\n\n\n\n<p>\u00ab&nbsp;Fast Brain&nbsp;\u00bb peut r\u00e9pondre de mani\u00e8re incorrecte aux questions ou commettre des erreurs conform\u00e9ment aux conditions d&#8217;utilisation d&#8217;OpenAI. Les connaissances de l&#8217;application sont limit\u00e9es \u00e0 2021. Lazy technology n&#8217;est pas responsable de la v\u00e9racit\u00e9 du contenu des r\u00e9ponses.<\/p>\n\n\n\n<p>L&#8217;utilisation de \u00ab&nbsp;Fast Brain&nbsp;\u00bb est uniquement destin\u00e9e \u00e0 un usage personnel. Les fonctionnalit\u00e9s scolaires int\u00e9gr\u00e9es sont con\u00e7ues pour aider \u00e0 l&#8217;apprentissage et ne doivent en aucun cas \u00eatre utilis\u00e9es pour rendre des devoirs ou tricher lors d&#8217;un contr\u00f4le, ou pour tout autre cas.<\/p>\n\n\n\n<p><strong>ARTICLE 3 &#8211; ACCES A L\u2019APPLICATION&nbsp;:<\/strong><\/p>\n\n\n\n<p>Pour acc\u00e9der \u00e0 l&#8217;application, vous devez poss\u00e9der un smartphone et un acc\u00e8s \u00e0 Internet.<\/p>\n\n\n\n<p>L&#8217;application est t\u00e9l\u00e9chargeable gratuitement depuis la plateforme &#8220;Google Play Store&#8221; sur les smartphones suivants :<\/p>\n\n\n\n<p>T\u00e9l\u00e9phone mobile disposant du syst\u00e8me d&#8217;exploitation Android\u00ae Nougat (API 24) minimum.<\/p>\n\n\n\n<p>La version du logiciel de l&#8217;application peut \u00eatre mise \u00e0 jour de temps \u00e0 autre pour ajouter de nouvelles fonctions et de nouveaux services.<\/p>\n\n\n\n<p>Une fois l&#8217;application install\u00e9e sur votre smartphone, il vous suffit de vous connecter en utilisant votre compte Google.<\/p>\n\n\n\n<p><strong>ARTICLE 4 &#8211; LICENCE D\u2019UTILISATION&nbsp;:<\/strong><\/p>\n\n\n\n<p>Lazy Technology vous conc\u00e8de un droit personnel d&#8217;utilisation de l&#8217;application et de son contenu. Ce droit est accord\u00e9 \u00e0 titre non exclusif, r\u00e9vocable, non cessible, non transf\u00e9rable, mondial et gratuit et pour la seule utilisation de l&#8217;application, \u00e0 l&#8217;exclusion de toute autre finalit\u00e9.<\/p>\n\n\n\n<p>Il est strictement interdit d&#8217;acc\u00e9der et\/ou d&#8217;utiliser et\/ou de tenter d&#8217;acc\u00e9der ou d&#8217;utiliser les codes sources ou objets de l&#8217;application.<\/p>\n\n\n\n<p>Il est formellement interdit d&#8217;utiliser \u00ab Fast Brain \u00bb \u00e0 des fins ill\u00e9gales ou de tricherie. L&#8217;\u00e9diteur de l&#8217;application ne pourra \u00eatre tenu responsable de l&#8217;utilisation abusive de l&#8217;application par l&#8217;utilisateur.<\/p>\n\n\n\n<p>Vous n&#8217;acqu\u00e9rez aucun droit de propri\u00e9t\u00e9 intellectuelle sur l&#8217;application ou son contenu, ni aucun autre droit que ceux conf\u00e9r\u00e9s par les pr\u00e9sentes CGU.<\/p>\n\n\n\n<p><strong>ARTICLE 5 &#8211; ACHATS DE CR\u00c9DITS DANS L&#8217;APPLICATION&nbsp;:<\/strong><\/p>\n\n\n\n<p>L&#8217;utilisation de l&#8217;application \u00ab Fast Brain \u00bb n\u00e9cessite des cr\u00e9dits pour \u00eatre utilis\u00e9e. Ces cr\u00e9dits peuvent \u00eatre achet\u00e9s dans le shop de l&#8217;application avec le paiement s\u00e9curis\u00e9 Google Play Billing. Aucun autre moyen de paiement n&#8217;est accept\u00e9. En achetant des cr\u00e9dits, vous renoncez \u00e0 votre droit de r\u00e9tractation. Chaque achat de cr\u00e9dit se cumule au reliquat de votre compte.<\/p>\n\n\n\n<p>Aucun remboursement de cr\u00e9dit utilis\u00e9 volontairement ou par mauvaise manipulation ou en cas de r\u00e9ponse non satisfaisante ne sera effectu\u00e9. La seule exception peut-\u00eatre en cas de bug majeur de l&#8217;application o\u00f9 les cr\u00e9dits auraient disparu. Cette demande doit \u00eatre adress\u00e9e \u00e0 contact@fastbrain.com et doit \u00eatre argument\u00e9e.<\/p>\n\n\n\n<p><strong>ARTICLE 6 &#8211; CR\u00c9ATION D&#8217;UN COMPTE UTILISATEUR&nbsp;:<\/strong><\/p>\n\n\n\n<p>L&#8217;utilisation de l&#8217;application n\u00e9cessite la cr\u00e9ation d&#8217;un compte utilisateur (&#8220;Compte&#8221;). L&#8217;utilisateur doit se connecter \u00e0 un compte Google via les services Google. Les donn\u00e9es sont stock\u00e9es chez Google Firebase de mani\u00e8re s\u00e9curis\u00e9e. L&#8217;application \u00ab&nbsp;Fast Brain&nbsp;\u00bb n&#8217;enregistre que l&#8217;email, le nom, le pr\u00e9nom, la photo de profil et l&#8217;ID utilisateur, aucune autre donn\u00e9e personnelle.<\/p>\n\n\n\n<p>L&#8217;utilisateur doit fournir des informations exactes et compl\u00e8tes lors de la cr\u00e9ation de son Compte. L&#8217;utilisateur est responsable de la confidentialit\u00e9 de son nom d&#8217;utilisateur et de son mot de passe et doit prendre toutes les mesures n\u00e9cessaires pour assurer leur s\u00e9curit\u00e9<\/p>\n\n\n\n<p>Le compte utilisateur peut \u00eatre supprim\u00e9 sur demande \u00e0 <a href=\"mailto:contact@lazy-technology.com\">contact@fastbrain.com<\/a>.<\/p>\n\n\n\n<p><strong>ARTICLE 7 &#8211; DISPONIBILITE DE L\u2019APPLICATION&nbsp;:<\/strong><\/p>\n\n\n\n<p>L&#8217;application est accessible en ligne 24 heures sur 24 et 7 jours sur 7. Cependant, en raison de la complexit\u00e9 du r\u00e9seau Internet et de l&#8217;afflux d&#8217;utilisateurs \u00e0 certaines heures, ainsi que de l&#8217;\u00e9tat des serveurs de nos fournisseurs, Lazy Technology n&#8217;offre aucune garantie de continuit\u00e9 du service et ne pourra voir sa responsabilit\u00e9 engag\u00e9e en cas d&#8217;impossibilit\u00e9 temporaire d&#8217;acc\u00e9der en tout ou partie \u00e0 l\u2019Application. Aucun droit \u00e0 indemnisation n\u2019est accord\u00e9 au titre du pr\u00e9sent alin\u00e9a. Lazy Technology se r\u00e9serve le droit de cesser, sans pr\u00e9avis, sans indemnit\u00e9 et \u00e0 son enti\u00e8re discr\u00e9tion, \u00e0 titre d\u00e9finitif ou provisoire, de fournir tout ou partie du Service ou des fonctionnalit\u00e9s de l\u2019application.<\/p>\n\n\n\n<p><strong>ARTICLE 8 &#8211; LIMITATION DE RESPONSABILITE \u2013 ABSENCE DE GARANTIE&nbsp;:<\/strong><\/p>\n\n\n\n<p>Lazy Technology s&#8217;engage \u00e0 mettre en \u0153uvre tous les moyens n\u00e9cessaires afin d&#8217;assurer au mieux l\u2019acc\u00e8s \u00e0 l\u2019Application. En utilisant l\u2019Application, vous vous engagez \u00e0 ne pas agir de mani\u00e8re dommageable ou ayant pour effet de causer un pr\u00e9judice \u00e0 l\u2019image, aux int\u00e9r\u00eats ou aux droits de Lazy Technology, d\u2019endommager ou de rendre inop\u00e9rante l\u2019Application. Lazy Technology ne saurait \u00eatre tenue pour responsable et ne saurait \u00eatre tenue de vous indemniser du pr\u00e9judice direct ou indirect qui r\u00e9sulterait de l\u2019indisponibilit\u00e9 de l\u2019Application. Lazy Technology ne saurait \u00e0 cet \u00e9gard \u00eatre tenue pour responsable de tout dommage r\u00e9sultant de la perte, de l\u2019alt\u00e9ration ou de toute utilisation frauduleuse de donn\u00e9es, de la transmission accidentelle de virus ou autres \u00e9l\u00e9ments nuisibles, de l\u2019attitude ou comportement d\u2019un tiers. Elle n\u2019encourt aucune responsabilit\u00e9 du fait (i) de l\u2019impossibilit\u00e9 d\u2019acc\u00e9der \u00e0 l\u2019Application,(ii) d\u2019un mauvais usage de l\u2019Application (iii) de la saturation du r\u00e9seau internet, (iv) d\u2019\u00e9ventuels dysfonctionnements sur les terminaux mobiles utilis\u00e9s par vous, (v) en cas de dysfonctionnement des serveur de nos fournisseur, (vi) en cas de force majeure ou de fait ind\u00e9pendant de sa volont\u00e9.<\/p>\n\n\n\n<p><strong>ARTICLE 9 &#8211; MAINTENANCE ET MISES A JOUR DE L&#8217;APPLICATION&nbsp;:<\/strong><strong><\/strong><\/p>\n\n\n\n<p>Nous nous r\u00e9servons le droit de bloquer l&#8217;application pour une dur\u00e9e ind\u00e9termin\u00e9e en cas de probl\u00e8mes techniques ou pour r\u00e9aliser des maintenances ou des mises \u00e0 jour. Cela peut entra\u00eener une interruption temporaire de l&#8217;utilisation de l&#8217;application. Nous ferons de notre mieux pour minimiser les temps d&#8217;arr\u00eat et pour vous informer des interruptions de service planifi\u00e9es. Veuillez noter que nous ne serons pas responsables des pertes \u00e9ventuelles caus\u00e9es par une interruption de service ou une suspension de l&#8217;application.<\/p>\n\n\n\n<p><strong>ARTICLE 10 &#8211; PROPRI\u00c9T\u00c9 INTELLECTUELLE&nbsp;:<\/strong><\/p>\n\n\n\n<p>L&#8217;Application et tout son contenu, y compris les textes, graphismes, images, logos, ic\u00f4nes, sons et logiciels, sont la propri\u00e9t\u00e9 de l&#8217;\u00e9diteur ou de ses conc\u00e9dants de licence et sont prot\u00e9g\u00e9s par les lois sur la propri\u00e9t\u00e9 intellectuelle. L&#8217;utilisateur ne peut pas utiliser, reproduire, distribuer, publier, afficher, modifier, transmettre ou vendre tout ou partie de l&#8217;Application sans l&#8217;autorisation \u00e9crite pr\u00e9alable de l&#8217;\u00e9diteur.<\/p>\n\n\n\n<p>L&#8217;ensemble du contenu de l\u2019Application rel\u00e8ve de la l\u00e9gislation fran\u00e7aise, communautaire et internationale sur le droit d&#8217;auteur et la propri\u00e9t\u00e9 intellectuelle. Tous les droits de reproduction et de repr\u00e9sentation aff\u00e9rents \u00e0 l\u2019Application sont r\u00e9serv\u00e9s par Lazy Technology, y compris toutes repr\u00e9sentations graphiques, iconographiques et photographiques, ce quel que soit le territoire de protection et que ces droits aient fait l&#8217;objet d&#8217;un d\u00e9p\u00f4t ou non. La reproduction et\/ou repr\u00e9sentation de tout ou partie de l\u2019Application, quel que soit le support, en ce compris tous noms commerciaux, marques, logos, noms de domaine et autres signes distinctifs, est formellement interdite et constituerait une contrefa\u00e7on sanctionn\u00e9e par le code de la propri\u00e9t\u00e9 intellectuelle.<\/p>\n\n\n\n<p><strong>ARTICLE 11 &#8211;<\/strong><strong> MODIFICATION DES CONDITIONS&nbsp;:<\/strong><strong><\/strong><\/p>\n\n\n\n<p>L&#8217;\u00e9diteur se r\u00e9serve le droit de modifier ces Conditions \u00e0 tout moment et sans pr\u00e9avis. L&#8217;utilisateur est invit\u00e9 \u00e0 consulter r\u00e9guli\u00e8rement les Conditions pour \u00eatre inform\u00e9 des \u00e9ventuelles modifications.<\/p>\n\n\n\n<p><strong>ARTICLE 12 &#8211; DROIT APPLICABLE -LITIGES&nbsp;:<\/strong><\/p>\n\n\n\n<p>Ces Conditions sont r\u00e9gies par la loi fran\u00e7aise. Tout litige d\u00e9coulant de l&#8217;utilisation de l&#8217;Application sera soumis \u00e0 la comp\u00e9tence exclusive du tribunal de commerce de Brest, France.<\/p>\n\n\n\n<p><strong>ARTICLE 13 &#8211; CONTACT&nbsp;:<\/strong><\/p>\n\n\n\n<p>Si vous avez des questions ou des pr\u00e9occupations concernant ces Conditions, veuillez nous contacter \u00e0 l&#8217;adresse e-mail suivante : contact@fastbrain.fr<\/p>\n\n\n\n<p>En utilisant l&#8217;Application &#8220;Fast Brain&#8221;, vous acceptez ces Conditions et (<a href=\"https:\/\/fastbrain.fr\/?page_id=1115\" target=\"_blank\" rel=\"noopener\" title=\"\">CGV<\/a>).<\/p>\n","protected":false},"excerpt":{"rendered":"<p>ARTICLE 1 &#8211; OBJET DES CONDITIONS GENERALES D\u2019UTILISATION&nbsp;: Les pr\u00e9sentes conditions g\u00e9n\u00e9rales d\u2019utilisation (ci-apr\u00e8s \u00ab CGU \u00bb) ont pour objet de d\u00e9finir les r\u00e8gles d\u2019utilisation de l\u2019application mobile \u00abFast Brain\u00bb (ci-apr\u00e8s \u00ab l\u2019Application \u00bb) \u00e9dit\u00e9e par la soci\u00e9t\u00e9 Lasy Technology, soci\u00e9t\u00e9 par action simplifi\u00e9e unipersonnelle au capital de 10 euros, immatricul\u00e9e au registre du commerce &hellip;<\/p>\n<p class=\"read-more\"> <a class=\"\" href=\"https:\/\/fastbrain.fr\/?page_id=1111\"> <span class=\"screen-reader-text\">Conditions g\u00e9n\u00e9rales d&#8217;utilisation (CGU) de l&#8217;application mobile &#8220;Fast Brain&#8221; et de l&#8217;extension chrome GTP++<\/span> Read More &raquo;<\/a><\/p>\n","protected":false},"author":1,"featured_media":0,"parent":0,"menu_order":0,"comment_status":"closed","ping_status":"closed","template":"","meta":{"om_disable_all_campaigns":false,"_uag_custom_page_level_css":"","site-sidebar-layout":"default","site-content-layout":"default","ast-global-header-display":"","ast-main-header-display":"","ast-hfb-above-header-display":"","ast-hfb-below-header-display":"","ast-hfb-mobile-header-display":"","site-post-title":"","ast-breadcrumbs-content":"","ast-featured-img":"","footer-sml-layout":"","theme-transparent-header-meta":"","adv-header-id-meta":"","stick-header-meta":"","header-above-stick-meta":"","header-main-stick-meta":"","header-below-stick-meta":""},"aioseo_notices":[],"uagb_featured_image_src":{"full":false,"thumbnail":false,"medium":false,"medium_large":false,"large":false,"1536x1536":false,"2048x2048":false},"uagb_author_info":{"display_name":"ewen_morvan@hotmail.com","author_link":"https:\/\/fastbrain.fr\/?author=1"},"uagb_comment_info":0,"uagb_excerpt":"ARTICLE 1 &#8211; OBJET DES CONDITIONS GENERALES D\u2019UTILISATION&nbsp;: Les pr\u00e9sentes conditions g\u00e9n\u00e9rales d\u2019utilisation (ci-apr\u00e8s \u00ab CGU \u00bb) ont pour objet de d\u00e9finir les r\u00e8gles d\u2019utilisation de l\u2019application mobile \u00abFast Brain\u00bb (ci-apr\u00e8s \u00ab l\u2019Application \u00bb) \u00e9dit\u00e9e par la soci\u00e9t\u00e9 Lasy Technology, soci\u00e9t\u00e9 par action simplifi\u00e9e unipersonnelle au capital de 10 euros, immatricul\u00e9e au registre du commerce&hellip;","_links":{"self":[{"href":"https:\/\/fastbrain.fr\/index.php?rest_route=\/wp\/v2\/pages\/1111"}],"collection":[{"href":"https:\/\/fastbrain.fr\/index.php?rest_route=\/wp\/v2\/pages"}],"about":[{"href":"https:\/\/fastbrain.fr\/index.php?rest_route=\/wp\/v2\/types\/page"}],"author":[{"embeddable":true,"href":"https:\/\/fastbrain.fr\/index.php?rest_route=\/wp\/v2\/users\/1"}],"replies":[{"embeddable":true,"href":"https:\/\/fastbrain.fr\/index.php?rest_route=%2Fwp%2Fv2%2Fcomments&post=1111"}],"version-history":[{"count":12,"href":"https:\/\/fastbrain.fr\/index.php?rest_route=\/wp\/v2\/pages\/1111\/revisions"}],"predecessor-version":[{"id":1409,"href":"https:\/\/fastbrain.fr\/index.php?rest_route=\/wp\/v2\/pages\/1111\/revisions\/1409"}],"wp:attachment":[{"href":"https:\/\/fastbrain.fr\/index.php?rest_route=%2Fwp%2Fv2%2Fmedia&parent=1111"}],"curies":[{"name":"wp","href":"https:\/\/api.w.org\/{rel}","templated":true}]}}