{"id":1115,"date":"2023-04-26T18:09:34","date_gmt":"2023-04-26T16:09:34","guid":{"rendered":"https:\/\/fastbrain.fr\/?page_id=1115"},"modified":"2023-07-08T15:05:54","modified_gmt":"2023-07-08T13:05:54","slug":"conditions-generales-de-vente-cgv-de-lapplication-fast-brain","status":"publish","type":"page","link":"https:\/\/fastbrain.fr\/?page_id=1115","title":{"rendered":"CONDITIONS G\u00c9N\u00c9RALES DE VENTE (CGV) DE L&#8217;APPLICATION &#8220;Fast Brain&#8221; ET DE L&#8217;EXTENSION CHROME GPT++"},"content":{"rendered":"\n<p><strong>Champ d&#8217;application<\/strong><\/p>\n\n\n\n<p>Les pr\u00e9sentes conditions g\u00e9n\u00e9rales de vente (CGV) s&#8217;appliquent \u00e0 toute vente de cr\u00e9dits pour l&#8217;application mobile &#8220;Fast Brain&#8221;. L&#8217;acquisition de cr\u00e9dits sur l&#8217;application mobile &#8220;Fast Brain&#8221; implique l&#8217;acceptation sans r\u00e9serve des pr\u00e9sentes CGV.<\/p>\n\n\n\n<p><strong>Prix et modalit\u00e9s de paiement<\/strong><\/p>\n\n\n\n<p>Le prix des cr\u00e9dits est fix\u00e9 par l&#8217;\u00e9diteur de l&#8217;application mobile &#8220;Fast Brain&#8221; et peut varier \u00e0 tout moment. Le paiement peut s&#8217;effectuer dans l&#8217;application par le biais de Google Play Billing, selon les conditions de paiement de Google Play Store. Le paiement peut aussi s&#8217;effectuer en ligne sur le site fastbrain.fr via PayPal, selon les conditions de paiment de PayPal. L&#8217;utilisateur renonce \u00e0 son droit de r\u00e9tractation en achetant des cr\u00e9dits. Les cr\u00e9dits achet\u00e9s ne peuvent pas \u00eatre rembours\u00e9s, sauf en cas de bug majeur de l&#8217;application ou de disparition de cr\u00e9dits sans justification. Dans ce cas, une demande de remboursement doit \u00eatre adress\u00e9e \u00e0 contact@fastbrain.fr, accompagn\u00e9e d&#8217;une argumentation.<\/p>\n\n\n\n<p><strong>Livraison des cr\u00e9dits<\/strong><\/p>\n\n\n\n<p>Les cr\u00e9dits sont imm\u00e9diatement disponibles apr\u00e8s r\u00e9ception du payement dans l&#8217;application mobile &#8220;Fast Brain&#8221;. L&#8217;utilisateur est seul responsable de la gestion de ses cr\u00e9dits et de leur utilisation.<\/p>\n\n\n\n<p><strong>Responsabilit\u00e9 de l&#8217;\u00e9diteur<\/strong><\/p>\n\n\n\n<p>L&#8217;\u00e9diteur de l&#8217;application mobile &#8220;Fast Brain&#8221; ne peut \u00eatre tenu responsable des erreurs de saisie ou des probl\u00e8mes li\u00e9s au r\u00e9seau Internet ou \u00e0 la connexion de l&#8217;utilisateur. L&#8217;\u00e9diteur ne peut \u00eatre tenu responsable de la qualit\u00e9 des r\u00e9ponses de l&#8217;IA GPT d&#8217;OpenAI ou des erreurs commises par celle-ci. L&#8217;\u00e9diteur ne peut \u00eatre tenu responsable de l&#8217;utilisation abusive de l&#8217;application par l&#8217;utilisateur.<\/p>\n\n\n\n<p><strong>Modification des CGV<\/strong><\/p>\n\n\n\n<p>L&#8217;\u00e9diteur de l&#8217;application mobile &#8220;Fast Brain&#8221; se r\u00e9serve le droit de modifier les pr\u00e9sentes CGV \u00e0 tout moment. Les CGV applicables sont celles en vigueur au moment de l&#8217;achat des cr\u00e9dits.<\/p>\n\n\n\n<p><strong>Protection des donn\u00e9es personnelles<\/strong><\/p>\n\n\n\n<p>L\u2019application mobile \u00ab&nbsp;Fast Brain&nbsp;\u00bb ne collecte que les donn\u00e9es personnelles strictement n\u00e9cessaires au bon fonctionnement de l\u2019application (email, nom, pr\u00e9nom, photo de profil, ID utilisateur). Elles sont trait\u00e9es dans le respect du R\u00e8glement G\u00e9n\u00e9ral pour la Protection des Donn\u00e9es (RGPD \u2013 R\u00e8glement 2016\/679 du 27 avril 2016). &nbsp;Ces donn\u00e9es sont stock\u00e9es de mani\u00e8re s\u00e9curis\u00e9e chez Google Firebase. Elles sont \u00e0 l&#8217;usage exclusif de Lazy Technology et ne sont en aucun cas transmises \u00e0 des tiers. Vous pouvez demander l\u2019acc\u00e8s, la rectification ou l\u2019effacement de ces donn\u00e9es si cela ne contrevient pas aux obligations r\u00e9glementaires et droits de Lazy Technology sur simple demande \u00e0 <a href=\"mailto:contact@fastbrain.fr\">contact@fastbrain.fr<\/a>. Si vous consid\u00e9rez que l\u2019utilisation de ces donn\u00e9es est abusive, vous pouvez porter r\u00e9clamation aupr\u00e8s de la CNIL via son site internet (<a href=\"https:\/\/www.cnil.fr\/fr\/plaintes\">https:\/\/www.cnil.fr\/fr\/plaintes<\/a>).<\/p>\n\n\n\n<p><strong>Droit applicable et juridiction comp\u00e9tente<\/strong><\/p>\n\n\n\n<p>Les pr\u00e9sentes CGV sont soumises au droit fran\u00e7ais. Tout litige relatif \u00e0 leur interpr\u00e9tation ou \u00e0 leur ex\u00e9cution sera soumis au tribunal de commerce de Brest , France.<\/p>\n","protected":false},"excerpt":{"rendered":"<p>Champ d&#8217;application Les pr\u00e9sentes conditions g\u00e9n\u00e9rales de vente (CGV) s&#8217;appliquent \u00e0 toute vente de cr\u00e9dits pour l&#8217;application mobile &#8220;Fast Brain&#8221;. L&#8217;acquisition de cr\u00e9dits sur l&#8217;application mobile &#8220;Fast Brain&#8221; implique l&#8217;acceptation sans r\u00e9serve des pr\u00e9sentes CGV. Prix et modalit\u00e9s de paiement Le prix des cr\u00e9dits est fix\u00e9 par l&#8217;\u00e9diteur de l&#8217;application mobile &#8220;Fast Brain&#8221; et peut &hellip;<\/p>\n<p class=\"read-more\"> <a class=\"\" href=\"https:\/\/fastbrain.fr\/?page_id=1115\"> <span class=\"screen-reader-text\">CONDITIONS G\u00c9N\u00c9RALES DE VENTE (CGV) DE L&#8217;APPLICATION &#8220;Fast Brain&#8221; ET DE L&#8217;EXTENSION CHROME GPT++<\/span> Read More &raquo;<\/a><\/p>\n","protected":false},"author":1,"featured_media":0,"parent":0,"menu_order":0,"comment_status":"closed","ping_status":"closed","template":"","meta":{"om_disable_all_campaigns":false,"_uag_custom_page_level_css":"","site-sidebar-layout":"default","site-content-layout":"default","ast-global-header-display":"","ast-main-header-display":"","ast-hfb-above-header-display":"","ast-hfb-below-header-display":"","ast-hfb-mobile-header-display":"","site-post-title":"","ast-breadcrumbs-content":"","ast-featured-img":"","footer-sml-layout":"","theme-transparent-header-meta":"","adv-header-id-meta":"","stick-header-meta":"","header-above-stick-meta":"","header-main-stick-meta":"","header-below-stick-meta":""},"aioseo_notices":[],"uagb_featured_image_src":{"full":false,"thumbnail":false,"medium":false,"medium_large":false,"large":false,"1536x1536":false,"2048x2048":false},"uagb_author_info":{"display_name":"ewen_morvan@hotmail.com","author_link":"https:\/\/fastbrain.fr\/?author=1"},"uagb_comment_info":0,"uagb_excerpt":"Champ d&#8217;application Les pr\u00e9sentes conditions g\u00e9n\u00e9rales de vente (CGV) s&#8217;appliquent \u00e0 toute vente de cr\u00e9dits pour l&#8217;application mobile &#8220;Fast Brain&#8221;. L&#8217;acquisition de cr\u00e9dits sur l&#8217;application mobile &#8220;Fast Brain&#8221; implique l&#8217;acceptation sans r\u00e9serve des pr\u00e9sentes CGV. Prix et modalit\u00e9s de paiement Le prix des cr\u00e9dits est fix\u00e9 par l&#8217;\u00e9diteur de l&#8217;application mobile &#8220;Fast Brain&#8221; et peut&hellip;","_links":{"self":[{"href":"https:\/\/fastbrain.fr\/index.php?rest_route=\/wp\/v2\/pages\/1115"}],"collection":[{"href":"https:\/\/fastbrain.fr\/index.php?rest_route=\/wp\/v2\/pages"}],"about":[{"href":"https:\/\/fastbrain.fr\/index.php?rest_route=\/wp\/v2\/types\/page"}],"author":[{"embeddable":true,"href":"https:\/\/fastbrain.fr\/index.php?rest_route=\/wp\/v2\/users\/1"}],"replies":[{"embeddable":true,"href":"https:\/\/fastbrain.fr\/index.php?rest_route=%2Fwp%2Fv2%2Fcomments&post=1115"}],"version-history":[{"count":5,"href":"https:\/\/fastbrain.fr\/index.php?rest_route=\/wp\/v2\/pages\/1115\/revisions"}],"predecessor-version":[{"id":1412,"href":"https:\/\/fastbrain.fr\/index.php?rest_route=\/wp\/v2\/pages\/1115\/revisions\/1412"}],"wp:attachment":[{"href":"https:\/\/fastbrain.fr\/index.php?rest_route=%2Fwp%2Fv2%2Fmedia&parent=1115"}],"curies":[{"name":"wp","href":"https:\/\/api.w.org\/{rel}","templated":true}]}}