{"id":1129,"date":"2023-04-27T20:01:24","date_gmt":"2023-04-27T18:01:24","guid":{"rendered":"https:\/\/fastbrain.fr\/?page_id=1129"},"modified":"2023-05-14T16:08:21","modified_gmt":"2023-05-14T14:08:21","slug":"welcome-to-fast-brain","status":"publish","type":"page","link":"https:\/\/fastbrain.fr\/?page_id=1129","title":{"rendered":"Mentions l\u00e9gales"},"content":{"rendered":"\n<figure class=\"wp-block-image aligncenter size-full is-resized\"><img decoding=\"async\" loading=\"lazy\" src=\"http:\/\/fastbrain.fr\/wp-content\/uploads\/2023\/04\/cropped-stp_logo_mini2.png\" alt=\"\" class=\"wp-image-1072\" width=\"56\" height=\"56\" srcset=\"https:\/\/fastbrain.fr\/wp-content\/uploads\/2023\/04\/cropped-stp_logo_mini2.png 768w, https:\/\/fastbrain.fr\/wp-content\/uploads\/2023\/04\/cropped-stp_logo_mini2-300x297.png 300w, https:\/\/fastbrain.fr\/wp-content\/uploads\/2023\/04\/cropped-stp_logo_mini2-150x150.png 150w, https:\/\/fastbrain.fr\/wp-content\/uploads\/2023\/04\/cropped-stp_logo_mini2-57x56.png 57w\" sizes=\"(max-width: 56px) 100vw, 56px\" \/><\/figure>\n\n\n\n<div class=\"wp-block-uagb-container uagb-block-237cde79 alignfull uagb-is-root-container\"><div class=\"uagb-container-inner-blocks-wrap\">\n<p class=\"has-text-align-left\">En vigueur au 05\/05\/2023<br>Conform\u00e9ment aux dispositions des Articles 6-III et 19 de la Loi n\u00b02004-575 du 21 juin 2004 pour la confiance dans l\u2019\u00e9conomie num\u00e9rique, dite L.C.E.N., il est port\u00e9 \u00e0 la connaissance des utilisateurs et visiteurs, ci-apr\u00e8s l'&#8221;Utilisateur&#8221;, du site fastbrain.fr , ci-apr\u00e8s le &#8220;Site&#8221;, les pr\u00e9sentes mentions l\u00e9gales.<br>La connexion et la navigation sur le Site par l\u2019Utilisateur implique acceptation int\u00e9grale et sans r\u00e9serve des pr\u00e9sentes mentions l\u00e9gales.<br>Ces derni\u00e8res sont accessibles sur le Site \u00e0 la rubrique \u00ab Mentions l\u00e9gales \u00bb.                                                   <br><strong>ARTICLE 1 &#8211; L&#8217;EDITEUR<\/strong><br>L&#8217;\u00e9dition du Site est assur\u00e9e par Lazy Technology SASU au capital de 10 euros, immatricul\u00e9e au registre du Commerce et des Soci\u00e9t\u00e9s de Brest sous le num\u00e9ro 951920099 dont le si\u00e8ge social est situ\u00e9 au 77 Rue De Bertheaume,<br>Num\u00e9ro de t\u00e9l\u00e9phone 0651339529,<br>Adresse e-mail : contact@lazy-technology.com.<br>N\u00b0 de TVA intracommunautaire : FR90951920099<br>Le Directeur de la publication est Morvan Ewen ci-apr\u00e8s l'&#8221;Editeur&#8221;.<br><strong>ARTICLE 2 &#8211; L&#8217;HEBERGEUR<\/strong><br>L&#8217;h\u00e9bergeur du Site est la soci\u00e9t\u00e9 Hostinger, dont le si\u00e8ge social est situ\u00e9 au Hostinger, UAB Jonavos<br>g. 60C, 44192 .<br><strong>ARTICLE 3 &#8211; ACCES AU SITE<\/strong><br>Le Site est accessible en tout endroit, 7j\/7, 24h\/24 sauf cas de force majeure, interruption<br>programm\u00e9e ou non et pouvant d\u00e9coulant d\u2019une n\u00e9cessit\u00e9 de maintenance.<br>En cas de modification, interruption ou suspension du Site, l&#8217;Editeur ne saurait \u00eatre tenu responsable.<br><strong>ARTICLE 4 &#8211; COLLECTE DES DONNEES<\/strong><br>Le Site assure \u00e0 l&#8217;Utilisateur une collecte et un traitement d&#8217;informations personnelles dans le respect de la vie priv\u00e9e conform\u00e9ment \u00e0 la loi n\u00b078-17 du 6 janvier 1978 relative \u00e0 l&#8217;informatique, aux fichiers, et aux libert\u00e9s.<br><br>En vertu de la loi Informatique et Libert\u00e9s, en date du 6 janvier 1978, l&#8217;Utilisateur dispose d&#8217;un droit<br>d&#8217;acc\u00e8s, de rectification, de suppression et d&#8217;opposition de ses donn\u00e9es personnelles. L&#8217;Utilisateur<br>exerce ce droit :<br>\u00b7          &#8211;  par mail \u00e0 l&#8217;adresse email contact@fastbrain.fr<br>Toute utilisation, reproduction, diffusion, commercialisation, modification de toute ou partie du Site,<br>sans autorisation de l\u2019Editeur est prohib\u00e9e et pourra entra\u00een\u00e9e des actions et poursuites judiciaires<br>telles que notamment pr\u00e9vues par le Code de la propri\u00e9t\u00e9 intellectuelle et le Code civil.<br>Pour plus d\u2019informations, se reporter aux CGU du site fastbrain.fr accessible \u00e0 la rubrique &#8220;<a href=\"https:\/\/fastbrain.fr\/?page_id=1111\" target=\"_blank\" rel=\"noopener\" title=\"\">CGU<\/a>&#8220;<br>Pour plus d\u2019informations, se reporter aux CGV du site fastbrain.fr accessible \u00e0 la rubrique &#8220;<a href=\"https:\/\/fastbrain.fr\/?page_id=1115\" target=\"_blank\" rel=\"noopener\" title=\"\">CGV<\/a>&#8220;<\/p>\n<\/div><\/div>\n","protected":false},"excerpt":{"rendered":"","protected":false},"author":1,"featured_media":0,"parent":0,"menu_order":0,"comment_status":"closed","ping_status":"closed","template":"","meta":{"om_disable_all_campaigns":false,"_uag_custom_page_level_css":"","site-sidebar-layout":"default","site-content-layout":"default","ast-global-header-display":"","ast-main-header-display":"","ast-hfb-above-header-display":"","ast-hfb-below-header-display":"","ast-hfb-mobile-header-display":"","site-post-title":"","ast-breadcrumbs-content":"","ast-featured-img":"","footer-sml-layout":"","theme-transparent-header-meta":"","adv-header-id-meta":"","stick-header-meta":"","header-above-stick-meta":"","header-main-stick-meta":"","header-below-stick-meta":""},"aioseo_notices":[],"uagb_featured_image_src":{"full":false,"thumbnail":false,"medium":false,"medium_large":false,"large":false,"1536x1536":false,"2048x2048":false},"uagb_author_info":{"display_name":"ewen_morvan@hotmail.com","author_link":"https:\/\/fastbrain.fr\/?author=1"},"uagb_comment_info":0,"uagb_excerpt":null,"_links":{"self":[{"href":"https:\/\/fastbrain.fr\/index.php?rest_route=\/wp\/v2\/pages\/1129"}],"collection":[{"href":"https:\/\/fastbrain.fr\/index.php?rest_route=\/wp\/v2\/pages"}],"about":[{"href":"https:\/\/fastbrain.fr\/index.php?rest_route=\/wp\/v2\/types\/page"}],"author":[{"embeddable":true,"href":"https:\/\/fastbrain.fr\/index.php?rest_route=\/wp\/v2\/users\/1"}],"replies":[{"embeddable":true,"href":"https:\/\/fastbrain.fr\/index.php?rest_route=%2Fwp%2Fv2%2Fcomments&post=1129"}],"version-history":[{"count":6,"href":"https:\/\/fastbrain.fr\/index.php?rest_route=\/wp\/v2\/pages\/1129\/revisions"}],"predecessor-version":[{"id":1174,"href":"https:\/\/fastbrain.fr\/index.php?rest_route=\/wp\/v2\/pages\/1129\/revisions\/1174"}],"wp:attachment":[{"href":"https:\/\/fastbrain.fr\/index.php?rest_route=%2Fwp%2Fv2%2Fmedia&parent=1129"}],"curies":[{"name":"wp","href":"https:\/\/api.w.org\/{rel}","templated":true}]}}